{"id":453,"date":"2026-03-10T22:46:38","date_gmt":"2026-03-10T22:46:38","guid":{"rendered":"https:\/\/www.hotel-stachus.de\/?page_id=453"},"modified":"2026-03-10T22:46:38","modified_gmt":"2026-03-10T22:46:38","slug":"legal","status":"publish","type":"page","link":"https:\/\/www.hotel-stachus.de\/de\/legal\/","title":{"rendered":"Legal"},"content":{"rendered":"<section id=\"section-id-1557748003707\" class=\"sppb-section\">\n<div class=\"sppb-row-container\">\n<div class=\"sppb-row\">\n<div id=\"column-wrap-id-1557748003706\" class=\"sppb-col-md-12\">\n<div id=\"column-id-1557748003706\" class=\"sppb-column\">\n<div class=\"sppb-column-addons\">\n<div id=\"sppb-addon-wrapper-1557748003710\" class=\"sppb-addon-wrapper\">\n<div id=\"sppb-addon-1557748003710\" class=\"clearfix\">\n<div class=\"sppb-addon sppb-addon-text-block\">\n<h1 class=\"sppb-addon-title\">LEGAL USE<\/h1>\n<p>&nbsp;<\/p>\n<div class=\"sppb-addon-content\">\n<p>HOTEL STACHUS<br \/>\nBayerstr. 7<br \/>\n80335 Munich<br \/>\nGermany<br \/>\nTelephone: +49 (0) 89 54 58 42 &#8211; 0<br \/>\nFax: +49 (0) 89 54 58 42 &#8211; 103<br \/>\nE-Mail:\u00a0 <a href=\"mailto:director-stachus@gambinocityhotels.com\" target=\"_blank\" rel=\"noopener\"><span class=\"s2\">director-stachus@gambinocityhotels.com<\/span><\/a><\/p>\n<p>&nbsp;<\/p>\n<p class=\"p2\"><span class=\"s1\">Verwaltet von der Gambino City Hotel Stachus GmbH<\/span><\/p>\n<\/div>\n<\/div>\n<\/div>\n<\/div>\n<\/div>\n<\/div>\n<p>&nbsp;<\/p>\n<div id=\"column-id-1557748003706\" class=\"sppb-column\">\n<div class=\"sppb-column-addons\">\n<div id=\"sppb-addon-wrapper-1557748003710\" class=\"sppb-addon-wrapper\">\n<div id=\"sppb-addon-1557748003710\" class=\"clearfix\">\n<div class=\"sppb-addon sppb-addon-text-block\">\n<div class=\"sppb-addon-content\">\n<p>Gesch\u00e4ftsf\u00fchrer: Sabrina S. Gambino-Kreindl und Alessandro A. Gambino<br \/>\nSitz der Gesellschaft: M\u00fcnchen, Register: Amtsgericht M\u00fcnchen HRB 193504<br \/>\nUst.-Nr.: DE-129 377 508<\/p>\n<p>&nbsp;<\/p>\n<p>Fotos: Ruben Voisard\u00a0<a href=\"https:\/\/www.rubenvoisard.com\/\" target=\"_blank\" rel=\"noopener noreferrer\">www.rubenvoisard.com<\/a><br \/>\nVideo: Sebastian Richter,\u00a0<a href=\"https:\/\/www.sebastianrichterfilm.com\/\" target=\"_blank\" rel=\"noopener noreferrer\">www.sebastianrichterfilm.com<\/a><\/p>\n<p>Galerie Fotos: Oliver Florian, <a href=\"https:\/\/oliverflorian.work\/\">oliverflorian.work<\/a><\/p>\n<p>&nbsp;<\/p>\n<\/div>\n<\/div>\n<\/div>\n<p>&nbsp;<\/p>\n<div id=\"sppb-addon-1557748003710\" class=\"clearfix\">\n<div class=\"sppb-addon sppb-addon-text-block\">\n<div class=\"sppb-addon-content\">\n<h2>Haftungsausschluss:<\/h2>\n<p>Die bereitgestellten Informationen auf dieser Website werden sorgf\u00e4ltig gepr\u00fcft und regelm\u00e4\u00dfig aktualisiert. Es kann jedoch keine Garantie daf\u00fcr \u00fcbernommen werden, dass alle Angaben zu jeder Zeit vollst\u00e4ndig, richtig und in letzter Aktualit\u00e4t dargestellt sind. Dies gilt insbesondere f\u00fcr alle Links zu anderen Websites, auf die direkt oder indirekt verwiesen wird. Hiermit distanzieren wir uns ausdr\u00fccklich von allen Inhalten und Grafiken aller gelinkten Seiten und machen uns diese nicht zu Eigen. Au\u00dferdem k\u00f6nnen alle Angaben dieser Website ohne vorherige Ank\u00fcndigung erg\u00e4nzt, entfernt oder ge\u00e4ndert werden.<\/p>\n<\/div>\n<\/div>\n<p>&nbsp;<\/p>\n<div class=\"sppb-addon sppb-addon-text-block\">\n<div class=\"sppb-addon-content\">\n<h2>Video\u00fcberwachung:<\/h2>\n<p>Dieses Hotel verf\u00fcgt \u00fcber mehrere \u00dcberwachungskameras. Die im Hotel aufgezeichneten Videoaufnahmen werden gespeichert. Sie k\u00f6nnen gegen diese Speicherung jederzeit schriftlich widersprechen.<\/p>\n<p>&nbsp;<\/p>\n<\/div>\n<\/div>\n<\/div>\n<\/div>\n<\/div>\n<\/div>\n<\/div>\n<\/div>\n<\/div>\n<\/section>\n<section id=\"section-id-1528736663838\" class=\"sppb-section\">\n<div class=\"sppb-row-container\">\n<div class=\"sppb-row\">\n<div id=\"column-wrap-id-1528736663837\" class=\"sppb-col-md-12\">\n<div id=\"column-id-1528736663837\" class=\"sppb-column\">\n<div class=\"sppb-column-addons\">\n<div id=\"sppb-addon-wrapper-1528736663841\" class=\"sppb-addon-wrapper\">\n<div id=\"sppb-addon-1528736663841\" class=\"clearfix\">\n<div class=\"sppb-addon sppb-addon-text-block\">\n<h2 class=\"sppb-addon-title\">AGBs<\/h2>\n<div class=\"sppb-addon-content\">klicken\u00a0<a href=\"https:\/\/www.hotel-stachus.de\/de\/images\/AGBs.pdf\/\" target=\"_blank\" rel=\"noopener noreferrer\">Hier<\/a>\u00a0f\u00fcr unsere AGBs<\/div>\n<\/div>\n<\/div>\n<\/div>\n<\/div>\n<\/div>\n<\/div>\n<\/div>\n<\/div>\n<\/section>","protected":false},"excerpt":{"rendered":"<p>LEGAL USE &nbsp; HOTEL STACHUS Bayerstr. 7 80335 Munich Germany Telephone: +49 (0) 89 54 58 42 &#8211; 0 Fax: +49 (0) 89 54 58 42 &#8211; 103 E-Mail:\u00a0 director-stachus@gambinocityhotels.com &nbsp; Managed by Gambino City Hotel Stachus GmbH &nbsp; Managing Directors: Sabrina Gambino-Kreindl und Alessandro A. Gambino Register: HRB M\u00fcnchen 193504 Ust.-Nr.: DE-129 377 508 [&hellip;]<\/p>\n","protected":false},"author":1,"featured_media":0,"parent":0,"menu_order":0,"comment_status":"closed","ping_status":"closed","template":"legal.php","meta":{"_acf_changed":false,"inline_featured_image":false,"footnotes":""},"class_list":["post-453","page","type-page","status-publish","hentry"],"acf":[],"_links":{"self":[{"href":"https:\/\/www.hotel-stachus.de\/de\/wp-json\/wp\/v2\/pages\/453","targetHints":{"allow":["GET"]}}],"collection":[{"href":"https:\/\/www.hotel-stachus.de\/de\/wp-json\/wp\/v2\/pages"}],"about":[{"href":"https:\/\/www.hotel-stachus.de\/de\/wp-json\/wp\/v2\/types\/page"}],"author":[{"embeddable":true,"href":"https:\/\/www.hotel-stachus.de\/de\/wp-json\/wp\/v2\/users\/1"}],"replies":[{"embeddable":true,"href":"https:\/\/www.hotel-stachus.de\/de\/wp-json\/wp\/v2\/comments?post=453"}],"version-history":[{"count":1,"href":"https:\/\/www.hotel-stachus.de\/de\/wp-json\/wp\/v2\/pages\/453\/revisions"}],"predecessor-version":[{"id":454,"href":"https:\/\/www.hotel-stachus.de\/de\/wp-json\/wp\/v2\/pages\/453\/revisions\/454"}],"wp:attachment":[{"href":"https:\/\/www.hotel-stachus.de\/de\/wp-json\/wp\/v2\/media?parent=453"}],"curies":[{"name":"wp","href":"https:\/\/api.w.org\/{rel}","templated":true}]}}